{"id":4706,"date":"2024-01-28T11:12:27","date_gmt":"2024-01-28T11:12:27","guid":{"rendered":"https:\/\/studiobabel.pl\/?page_id=4706"},"modified":"2024-03-18T17:09:44","modified_gmt":"2024-03-18T17:09:44","slug":"sesje-slubne-i-milosne","status":"publish","type":"page","link":"https:\/\/studiobabel.pl\/en\/sesje-slubne-i-milosne\/","title":{"rendered":"Love stories"},"content":{"rendered":"<div data-elementor-type=\"wp-page\" data-elementor-id=\"4706\" class=\"elementor elementor-4706\">\n\t\t\t\t\t\t<section class=\"elementor-section elementor-top-section elementor-element elementor-element-96a8d87 elementor-section-full_width elementor-section-height-default elementor-section-height-default\" data-id=\"96a8d87\" data-element_type=\"section\">\n\t\t\t\t\t\t<div class=\"elementor-container elementor-column-gap-default\">\n\t\t\t\t\t<div class=\"elementor-column elementor-col-100 elementor-top-column elementor-element elementor-element-b7b355a\" data-id=\"b7b355a\" data-element_type=\"column\">\n\t\t\t<div class=\"elementor-widget-wrap elementor-element-populated\">\n\t\t\t\t\t\t<div class=\"elementor-element elementor-element-419658c elementor-invisible elementor-widget elementor-widget-ce-portfolio-grid\" data-id=\"419658c\" data-element_type=\"widget\" data-settings=\"{&quot;_animation&quot;:&quot;fadeIn&quot;,&quot;_animation_delay&quot;:1000}\" data-widget_type=\"ce-portfolio-grid.default\">\n\t\t\t\t<div class=\"elementor-widget-container\">\n\t\t\t\t\n\t\t\t\t<div  class=\"ce-portfolio-grid-wrapper\" data-filters=\"0\" data-filters-style=\"default\">\n\t\t\n\t\t\t\t\t\t\n\t\t\t<div class=\"ce-portfolio-grid ce-portfolio-style-erzen portfolio-source_type\" data-columns=\"4\" data-module=\"isotope\" data-style=\"erzen\" data-follow=\"1\" data-parallax=\"\" data-layout=\"masonry\">\n\t\t\t\n\t\t\t\t\t\t\t\t\t\t\t\t\t\t\t\t\t\t\n<div id=\"ce-portfolio-item-11108\" class=\"ce-portfolio-item\" data-delay=\"0\" >\n\t\n\t<div class=\"grid-holder\">\n\n        <div class=\"grid-holder-inner\">\n\n            <div class=\"entry-media\">\n        \n                <div class=\"overlay\">\n                   \n                <\/div>\n                \n                <div class=\"post-thumbnail\">\n                                    <div class=\"wrapper\" style=\"--image-ratio-x: 0.95; --image-ratio-y: 0.91665;\">\n                        <img fetchpriority=\"high\" width=\"300\" height=\"200\" src=\"https:\/\/studiobabel.pl\/wp-content\/uploads\/2025\/05\/okladka-kf-sesja-slubna-w-muzeum-zamkowym-w-pszczynie-pszczyna-studio-babel-fotograf-slubny-krakow-web-54.jpg\" class=\"attachment-full size-full wp-post-image\" alt=\"\" decoding=\"async\" srcset=\"https:\/\/studiobabel.pl\/wp-content\/uploads\/2025\/05\/okladka-kf-sesja-slubna-w-muzeum-zamkowym-w-pszczynie-pszczyna-studio-babel-fotograf-slubny-krakow-web-54.jpg 300w, https:\/\/studiobabel.pl\/wp-content\/uploads\/2025\/05\/okladka-kf-sesja-slubna-w-muzeum-zamkowym-w-pszczynie-pszczyna-studio-babel-fotograf-slubny-krakow-web-54-18x12.jpg 18w\" sizes=\"(max-width: 300px) 100vw, 300px\" \/>                        <a href=\"https:\/\/studiobabel.pl\/en\/portfolio\/sesja-slubna-w-muzeum-zamkowym-w-pszczynie\/\" class=\"image-link\"><\/a>\n                    <\/div>\n                    \n                <\/div><!-- .post-thumbnail --> \n                \n            <\/div><!-- .entry-media --> \n\t\n        \t<div class=\"entry-wrapper-content\">\n\n                <div class=\"entry-content\">\n\n                    <h5 class=\"portfolio-title\">\n\n                        <a href=\"https:\/\/studiobabel.pl\/en\/portfolio\/sesja-slubna-w-muzeum-zamkowym-w-pszczynie\/\" class=\"cl-portfolio-title\" title=\"SESJA \u015aLUBNA W MUZEUM ZAMKOWYM W PSZCZYNIE\">SESJA \u015aLUBNA W MUZEUM ZAMKOWYM W PSZCZYNIE<\/a>\n                        \n                    <\/h5>\n\n                    <h6 class=\"portfolio-categories\">\n\n                        <a href=\"https:\/\/studiobabel.pl\/en\/portfolio_entries\/sesje-slubne\/\" rel=\"tag\">Wedding photoshoots<\/a>\n                    <\/h6><!-- portfolio-categories -->\n                    \n\n                <\/div><!-- entry-content -->\n\n            <\/div><!-- entry-wrapper-content -->\n\n        <\/div><!-- .grid-holder-inner -->\n\n    <\/div><!-- .grid-holder -->\n    \n<\/div><!-- #post-## -->\n\t\t\t\t\t\t\t\t\t\t\t\t\t\t\t\t\t\t\t\t\t\t\t\t\t\t\t\n<div id=\"ce-portfolio-item-13163\" class=\"ce-portfolio-item\" data-delay=\"0\" >\n\t\n\t<div class=\"grid-holder\">\n\n        <div class=\"grid-holder-inner\">\n\n            <div class=\"entry-media\">\n        \n                <div class=\"overlay\">\n                   \n                <\/div>\n                \n                <div class=\"post-thumbnail\">\n                                    <div class=\"wrapper\" style=\"--image-ratio-x: 0.95; --image-ratio-y: 0.91665;\">\n                        <img width=\"300\" height=\"200\" src=\"https:\/\/studiobabel.pl\/wp-content\/uploads\/2026\/05\/okladka-gr-como-slub-we-wloszech-sesja-slubna-wlochy-fotograf-163.jpg\" class=\"attachment-full size-full wp-post-image\" alt=\"\" decoding=\"async\" srcset=\"https:\/\/studiobabel.pl\/wp-content\/uploads\/2026\/05\/okladka-gr-como-slub-we-wloszech-sesja-slubna-wlochy-fotograf-163.jpg 300w, https:\/\/studiobabel.pl\/wp-content\/uploads\/2026\/05\/okladka-gr-como-slub-we-wloszech-sesja-slubna-wlochy-fotograf-163-18x12.jpg 18w\" sizes=\"(max-width: 300px) 100vw, 300px\" \/>                        <a href=\"https:\/\/studiobabel.pl\/en\/portfolio\/gosia-ronald-sesja-nad-jeziorem-como\/\" class=\"image-link\"><\/a>\n                    <\/div>\n                    \n                <\/div><!-- .post-thumbnail --> \n                \n            <\/div><!-- .entry-media --> \n\t\n        \t<div class=\"entry-wrapper-content\">\n\n                <div class=\"entry-content\">\n\n                    <h5 class=\"portfolio-title\">\n\n                        <a href=\"https:\/\/studiobabel.pl\/en\/portfolio\/gosia-ronald-sesja-nad-jeziorem-como\/\" class=\"cl-portfolio-title\" title=\"GOSIA + RONALD | SESJA NAD JEZIOREM COMO\">GOSIA + RONALD | SESJA NAD JEZIOREM COMO<\/a>\n                        \n                    <\/h5>\n\n                    <h6 class=\"portfolio-categories\">\n\n                        <a href=\"https:\/\/studiobabel.pl\/en\/portfolio_entries\/sesje-slubne\/\" rel=\"tag\">Wedding photoshoots<\/a>\n                    <\/h6><!-- portfolio-categories -->\n                    \n\n                <\/div><!-- entry-content -->\n\n            <\/div><!-- entry-wrapper-content -->\n\n        <\/div><!-- .grid-holder-inner -->\n\n    <\/div><!-- .grid-holder -->\n    \n<\/div><!-- #post-## -->\n\t\t\t\t\t\t\t\t\t\t\t\t\t\t\t\t\t\t\t\t\t\t\t\t\t\t\t\n<div id=\"ce-portfolio-item-8649\" class=\"ce-portfolio-item\" data-delay=\"0\" >\n\t\n\t<div class=\"grid-holder\">\n\n        <div class=\"grid-holder-inner\">\n\n            <div class=\"entry-media\">\n        \n                <div class=\"overlay\">\n                   \n                <\/div>\n                \n                <div class=\"post-thumbnail\">\n                                    <div class=\"wrapper\" style=\"--image-ratio-x: 0.91665; --image-ratio-y: 0.95;\">\n                        <img width=\"200\" height=\"300\" src=\"https:\/\/studiobabel.pl\/wp-content\/uploads\/2024\/10\/las-vegas-okladka-1.jpg\" class=\"attachment-full size-full wp-post-image\" alt=\"\" decoding=\"async\" srcset=\"https:\/\/studiobabel.pl\/wp-content\/uploads\/2024\/10\/las-vegas-okladka-1.jpg 200w, https:\/\/studiobabel.pl\/wp-content\/uploads\/2024\/10\/las-vegas-okladka-1-8x12.jpg 8w\" sizes=\"(max-width: 200px) 100vw, 200px\" \/>                        <a href=\"https:\/\/studiobabel.pl\/en\/portfolio\/ola-borys-slub-w-las-vegas\/\" class=\"image-link\"><\/a>\n                    <\/div>\n                    \n                <\/div><!-- .post-thumbnail --> \n                \n            <\/div><!-- .entry-media --> \n\t\n        \t<div class=\"entry-wrapper-content\">\n\n                <div class=\"entry-content\">\n\n                    <h5 class=\"portfolio-title\">\n\n                        <a href=\"https:\/\/studiobabel.pl\/en\/portfolio\/ola-borys-slub-w-las-vegas\/\" class=\"cl-portfolio-title\" title=\"OLA &#038; BORYS | \u015aLUB W LAS VEGAS\">OLA &#038; BORYS | \u015aLUB W LAS VEGAS<\/a>\n                        \n                    <\/h5>\n\n                    <h6 class=\"portfolio-categories\">\n\n                        <a href=\"https:\/\/studiobabel.pl\/en\/portfolio_entries\/reportaz-slubny\/\" rel=\"tag\">Wedding documentary<\/a>, <a href=\"https:\/\/studiobabel.pl\/en\/portfolio_entries\/sesje-slubne\/\" rel=\"tag\">Wedding photoshoots<\/a>\n                    <\/h6><!-- portfolio-categories -->\n                    \n\n                <\/div><!-- entry-content -->\n\n            <\/div><!-- entry-wrapper-content -->\n\n        <\/div><!-- .grid-holder-inner -->\n\n    <\/div><!-- .grid-holder -->\n    \n<\/div><!-- #post-## -->\n\t\t\t\t\t\t\t\t\t\t\t\t\t\t\t\t\t\t\t\t\t\t\t\t\t\t\t\n<div id=\"ce-portfolio-item-8291\" class=\"ce-portfolio-item\" data-delay=\"0\" >\n\t\n\t<div class=\"grid-holder\">\n\n        <div class=\"grid-holder-inner\">\n\n            <div class=\"entry-media\">\n        \n                <div class=\"overlay\">\n                   \n                <\/div>\n                \n                <div class=\"post-thumbnail\">\n                                    <div class=\"wrapper\" style=\"--image-ratio-x: 0.95; --image-ratio-y: 0.91665;\">\n                        <img loading=\"lazy\" width=\"2048\" height=\"1365\" src=\"https:\/\/studiobabel.pl\/wp-content\/uploads\/2024\/08\/sesja-narzeczenska-love-story-krakow-reportaz-slubny-krakow-mari-kacper-192-1.jpg\" class=\"attachment-full size-full wp-post-image\" alt=\"\" decoding=\"async\" srcset=\"https:\/\/studiobabel.pl\/wp-content\/uploads\/2024\/08\/sesja-narzeczenska-love-story-krakow-reportaz-slubny-krakow-mari-kacper-192-1.jpg 2048w, https:\/\/studiobabel.pl\/wp-content\/uploads\/2024\/08\/sesja-narzeczenska-love-story-krakow-reportaz-slubny-krakow-mari-kacper-192-1-300x200.jpg 300w, https:\/\/studiobabel.pl\/wp-content\/uploads\/2024\/08\/sesja-narzeczenska-love-story-krakow-reportaz-slubny-krakow-mari-kacper-192-1-1024x683.jpg 1024w, https:\/\/studiobabel.pl\/wp-content\/uploads\/2024\/08\/sesja-narzeczenska-love-story-krakow-reportaz-slubny-krakow-mari-kacper-192-1-768x512.jpg 768w, https:\/\/studiobabel.pl\/wp-content\/uploads\/2024\/08\/sesja-narzeczenska-love-story-krakow-reportaz-slubny-krakow-mari-kacper-192-1-1536x1024.jpg 1536w, https:\/\/studiobabel.pl\/wp-content\/uploads\/2024\/08\/sesja-narzeczenska-love-story-krakow-reportaz-slubny-krakow-mari-kacper-192-1-18x12.jpg 18w\" sizes=\"(max-width: 2048px) 100vw, 2048px\" \/>                        <a href=\"https:\/\/studiobabel.pl\/en\/portfolio\/mari-kacper-sesja-narzeczenska\/\" class=\"image-link\"><\/a>\n                    <\/div>\n                    \n                <\/div><!-- .post-thumbnail --> \n                \n            <\/div><!-- .entry-media --> \n\t\n        \t<div class=\"entry-wrapper-content\">\n\n                <div class=\"entry-content\">\n\n                    <h5 class=\"portfolio-title\">\n\n                        <a href=\"https:\/\/studiobabel.pl\/en\/portfolio\/mari-kacper-sesja-narzeczenska\/\" class=\"cl-portfolio-title\" title=\"MARI &#038; KACPER | SESJA NARZECZE\u0143SKA\">MARI &#038; KACPER | SESJA NARZECZE\u0143SKA<\/a>\n                        \n                    <\/h5>\n\n                    <h6 class=\"portfolio-categories\">\n\n                        <a href=\"https:\/\/studiobabel.pl\/en\/portfolio_entries\/sesje-narzeczenskie\/\" rel=\"tag\">Engagement photoshoots<\/a>\n                    <\/h6><!-- portfolio-categories -->\n                    \n\n                <\/div><!-- entry-content -->\n\n            <\/div><!-- entry-wrapper-content -->\n\n        <\/div><!-- .grid-holder-inner -->\n\n    <\/div><!-- .grid-holder -->\n    \n<\/div><!-- #post-## -->\n\t\t\t\t\t\t\t\t\t\t\t\t\t\t\t\t\t\t\t\t\t\t\t\t\t\t\t\n<div id=\"ce-portfolio-item-6011\" class=\"ce-portfolio-item\" data-delay=\"0\" >\n\t\n\t<div class=\"grid-holder\">\n\n        <div class=\"grid-holder-inner\">\n\n            <div class=\"entry-media\">\n        \n                <div class=\"overlay\">\n                   \n                <\/div>\n                \n                <div class=\"post-thumbnail\">\n                                    <div class=\"wrapper\" style=\"--image-ratio-x: 0.95; --image-ratio-y: 0.91665;\">\n                        <img loading=\"lazy\" width=\"2048\" height=\"1365\" src=\"https:\/\/studiobabel.pl\/wp-content\/uploads\/2024\/02\/kk-sesja-slubna-krakow-fotograf-slubny-krakow-137.jpg\" class=\"attachment-full size-full wp-post-image\" alt=\"\" decoding=\"async\" srcset=\"https:\/\/studiobabel.pl\/wp-content\/uploads\/2024\/02\/kk-sesja-slubna-krakow-fotograf-slubny-krakow-137.jpg 2048w, https:\/\/studiobabel.pl\/wp-content\/uploads\/2024\/02\/kk-sesja-slubna-krakow-fotograf-slubny-krakow-137-300x200.jpg 300w, https:\/\/studiobabel.pl\/wp-content\/uploads\/2024\/02\/kk-sesja-slubna-krakow-fotograf-slubny-krakow-137-1024x683.jpg 1024w, https:\/\/studiobabel.pl\/wp-content\/uploads\/2024\/02\/kk-sesja-slubna-krakow-fotograf-slubny-krakow-137-768x512.jpg 768w, https:\/\/studiobabel.pl\/wp-content\/uploads\/2024\/02\/kk-sesja-slubna-krakow-fotograf-slubny-krakow-137-1536x1024.jpg 1536w\" sizes=\"(max-width: 2048px) 100vw, 2048px\" \/>                        <a href=\"https:\/\/studiobabel.pl\/en\/portfolio\/kornelia-konrad-sesja-slubna-krakow\/\" class=\"image-link\"><\/a>\n                    <\/div>\n                    \n                <\/div><!-- .post-thumbnail --> \n                \n            <\/div><!-- .entry-media --> \n\t\n        \t<div class=\"entry-wrapper-content\">\n\n                <div class=\"entry-content\">\n\n                    <h5 class=\"portfolio-title\">\n\n                        <a href=\"https:\/\/studiobabel.pl\/en\/portfolio\/kornelia-konrad-sesja-slubna-krakow\/\" class=\"cl-portfolio-title\" title=\"SESJA \u015aLUBNA W KRAKOWIE | FOTOGRAF \u015aLUBNY KRAK\u00d3W\">SESJA \u015aLUBNA W KRAKOWIE | FOTOGRAF \u015aLUBNY KRAK\u00d3W<\/a>\n                        \n                    <\/h5>\n\n                    <h6 class=\"portfolio-categories\">\n\n                        <a href=\"https:\/\/studiobabel.pl\/en\/portfolio_entries\/sesje-slubne\/\" rel=\"tag\">Wedding photoshoots<\/a>\n                    <\/h6><!-- portfolio-categories -->\n                    \n\n                <\/div><!-- entry-content -->\n\n            <\/div><!-- entry-wrapper-content -->\n\n        <\/div><!-- .grid-holder-inner -->\n\n    <\/div><!-- .grid-holder -->\n    \n<\/div><!-- #post-## -->\n\t\t\t\t\t\t\t\t\t\t\t\t\t\t\t\t\t\t\t\t\t\t\t\t\t\t\t\n<div id=\"ce-portfolio-item-6269\" class=\"ce-portfolio-item\" data-delay=\"0\" >\n\t\n\t<div class=\"grid-holder\">\n\n        <div class=\"grid-holder-inner\">\n\n            <div class=\"entry-media\">\n        \n                <div class=\"overlay\">\n                   \n                <\/div>\n                \n                <div class=\"post-thumbnail\">\n                                    <div class=\"wrapper\" style=\"--image-ratio-x: 0.91665; --image-ratio-y: 0.95;\">\n                        <img loading=\"lazy\" width=\"1365\" height=\"2048\" src=\"https:\/\/studiobabel.pl\/wp-content\/uploads\/2024\/02\/pm-sesja-slubna-slubna-fotograf-slubny-krakow-web-19.jpg\" class=\"attachment-full size-full wp-post-image\" alt=\"\" decoding=\"async\" srcset=\"https:\/\/studiobabel.pl\/wp-content\/uploads\/2024\/02\/pm-sesja-slubna-slubna-fotograf-slubny-krakow-web-19.jpg 1365w, https:\/\/studiobabel.pl\/wp-content\/uploads\/2024\/02\/pm-sesja-slubna-slubna-fotograf-slubny-krakow-web-19-200x300.jpg 200w, https:\/\/studiobabel.pl\/wp-content\/uploads\/2024\/02\/pm-sesja-slubna-slubna-fotograf-slubny-krakow-web-19-683x1024.jpg 683w, https:\/\/studiobabel.pl\/wp-content\/uploads\/2024\/02\/pm-sesja-slubna-slubna-fotograf-slubny-krakow-web-19-768x1152.jpg 768w, https:\/\/studiobabel.pl\/wp-content\/uploads\/2024\/02\/pm-sesja-slubna-slubna-fotograf-slubny-krakow-web-19-1024x1536.jpg 1024w\" sizes=\"(max-width: 1365px) 100vw, 1365px\" \/>                        <a href=\"https:\/\/studiobabel.pl\/en\/portfolio\/folkowa-studyjna-sesja-slubna-krakow\/\" class=\"image-link\"><\/a>\n                    <\/div>\n                    \n                <\/div><!-- .post-thumbnail --> \n                \n            <\/div><!-- .entry-media --> \n\t\n        \t<div class=\"entry-wrapper-content\">\n\n                <div class=\"entry-content\">\n\n                    <h5 class=\"portfolio-title\">\n\n                        <a href=\"https:\/\/studiobabel.pl\/en\/portfolio\/folkowa-studyjna-sesja-slubna-krakow\/\" class=\"cl-portfolio-title\" title=\"NOWOCZESNA I FOLKOWA SESJA \u015aLUBNA | FOTOGRAF \u015aLUBNY KRAK\u00d3W\">NOWOCZESNA I FOLKOWA SESJA \u015aLUBNA | FOTOGRAF \u015aLUBNY KRAK\u00d3W<\/a>\n                        \n                    <\/h5>\n\n                    <h6 class=\"portfolio-categories\">\n\n                        <a href=\"https:\/\/studiobabel.pl\/en\/portfolio_entries\/reportaz-slubny\/\" rel=\"tag\">Wedding documentary<\/a>, <a href=\"https:\/\/studiobabel.pl\/en\/portfolio_entries\/sesje-slubne\/\" rel=\"tag\">Wedding photoshoots<\/a>\n                    <\/h6><!-- portfolio-categories -->\n                    \n\n                <\/div><!-- entry-content -->\n\n            <\/div><!-- entry-wrapper-content -->\n\n        <\/div><!-- .grid-holder-inner -->\n\n    <\/div><!-- .grid-holder -->\n    \n<\/div><!-- #post-## -->\n\t\t\t\t\t\t\t\t\t\t\t\t\t\t\n\t\t\t\t\t\t\n\t\t\t\t\t\n\t\t\t\t\t\n\t\t\t\t\t\n\t\t\t\t\t\n\t\t\t\t\t\t\t\t\t\t\n\t\t\t<\/div>\n\n\t\t\n\t\t<\/div>\n\t\t\t\t\n\t\t\t\t<\/div>\n\t\t\t\t<\/div>\n\t\t\t\t\t<\/div>\n\t\t<\/div>\n\t\t\t\t\t<\/div>\n\t\t<\/section>\n\t\t\t\t<\/div>","protected":false},"excerpt":{"rendered":"<p>MARI &#038; KACPER | SESJA NARZECZE\u0143SKA Sesje narzecze\u0144skie NOWOCZESNA I FOLKOWA SESJA \u015aLUBNA | FOTOGRAF \u015aLUBNY KRAK\u00d3W Reporta\u017c \u015blubny, Sesje \u015blubne SESJA \u015aLUBNA W KRAKOWIE | FOTOGRAF \u015aLUBNY KRAK\u00d3W Reporta\u017c \u015blubny, Sesje \u015blubne<\/p>","protected":false},"author":1,"featured_media":0,"parent":0,"menu_order":0,"comment_status":"closed","ping_status":"closed","template":"","meta":{"footnotes":""},"aioseo_notices":[],"_links":{"self":[{"href":"https:\/\/studiobabel.pl\/en\/wp-json\/wp\/v2\/pages\/4706"}],"collection":[{"href":"https:\/\/studiobabel.pl\/en\/wp-json\/wp\/v2\/pages"}],"about":[{"href":"https:\/\/studiobabel.pl\/en\/wp-json\/wp\/v2\/types\/page"}],"author":[{"embeddable":true,"href":"https:\/\/studiobabel.pl\/en\/wp-json\/wp\/v2\/users\/1"}],"replies":[{"embeddable":true,"href":"https:\/\/studiobabel.pl\/en\/wp-json\/wp\/v2\/comments?post=4706"}],"version-history":[{"count":16,"href":"https:\/\/studiobabel.pl\/en\/wp-json\/wp\/v2\/pages\/4706\/revisions"}],"predecessor-version":[{"id":7362,"href":"https:\/\/studiobabel.pl\/en\/wp-json\/wp\/v2\/pages\/4706\/revisions\/7362"}],"wp:attachment":[{"href":"https:\/\/studiobabel.pl\/en\/wp-json\/wp\/v2\/media?parent=4706"}],"curies":[{"name":"wp","href":"https:\/\/api.w.org\/{rel}","templated":true}]}}